{"id":9712,"date":"2020-02-14T06:39:15","date_gmt":"2020-02-14T06:39:15","guid":{"rendered":"https:\/\/www.mlekarna-kunin.cz\/produkty\/"},"modified":"2026-04-13T12:09:33","modified_gmt":"2026-04-13T12:09:33","slug":"produkty","status":"publish","type":"page","link":"https:\/\/www.mlekarna-kunin.cz\/sk\/produkty\/","title":{"rendered":"V\u00fdrobky"},"content":{"rendered":"\t\t<div data-elementor-type=\"wp-page\" data-elementor-id=\"9712\" class=\"elementor elementor-9712 elementor-592\" data-elementor-post-type=\"page\">\n\t\t\t\t\t\t<section class=\"elementor-section elementor-top-section elementor-element elementor-element-f719cde elementor-section-boxed elementor-section-height-default elementor-section-height-default\" data-id=\"f719cde\" data-element_type=\"section\" data-e-type=\"section\">\n\t\t\t\t\t\t<div class=\"elementor-container elementor-column-gap-default\">\n\t\t\t\t\t<div class=\"elementor-column elementor-col-25 elementor-top-column elementor-element elementor-element-2a142f9\" data-id=\"2a142f9\" data-element_type=\"column\" data-e-type=\"column\">\n\t\t\t<div class=\"elementor-widget-wrap elementor-element-populated\">\n\t\t\t\t\t\t<div class=\"elementor-element elementor-element-9acb76b elementor-widget elementor-widget-image\" data-id=\"9acb76b\" data-element_type=\"widget\" data-e-type=\"widget\" data-widget_type=\"image.default\">\n\t\t\t\t<div class=\"elementor-widget-container\">\n\t\t\t\t\t\t\t\t\t\t\t\t\t\t\t\t<a href=\"https:\/\/www.mlekarna-kunin.cz\/sk\/vyrabime\/smotany\/\">\n\t\t\t\t\t\t\t<img fetchpriority=\"high\" decoding=\"async\" width=\"549\" height=\"543\" src=\"https:\/\/www.mlekarna-kunin.cz\/wp-content\/uploads\/MENU_smetany.jpg\" class=\"attachment-full size-full wp-image-8647\" alt=\"\" srcset=\"https:\/\/www.mlekarna-kunin.cz\/wp-content\/uploads\/MENU_smetany.jpg 549w, https:\/\/www.mlekarna-kunin.cz\/wp-content\/uploads\/MENU_smetany-300x297.jpg 300w\" sizes=\"(max-width: 549px) 100vw, 549px\" \/>\t\t\t\t\t\t\t\t<\/a>\n\t\t\t\t\t\t\t\t\t\t\t\t\t\t\t<\/div>\n\t\t\t\t<\/div>\n\t\t\t\t<div class=\"elementor-element elementor-element-f7f2648 elementor-widget elementor-widget-heading\" data-id=\"f7f2648\" data-element_type=\"widget\" data-e-type=\"widget\" data-widget_type=\"heading.default\">\n\t\t\t\t<div class=\"elementor-widget-container\">\n\t\t\t\t\t<a href=\"https:\/\/www.mlekarna-kunin.cz\/sk\/vyrabime\/smotany\/\"><h3 class=\"elementor-heading-title\">Smotany<\/h3><\/a>\t\t\t\t<\/div>\n\t\t\t\t<\/div>\n\t\t\t\t\t<\/div>\n\t\t<\/div>\n\t\t\t\t<div class=\"elementor-column elementor-col-25 elementor-top-column elementor-element elementor-element-6f680e3\" data-id=\"6f680e3\" data-element_type=\"column\" data-e-type=\"column\">\n\t\t\t<div class=\"elementor-widget-wrap elementor-element-populated\">\n\t\t\t\t\t\t<div class=\"elementor-element elementor-element-a0ade86 elementor-widget elementor-widget-image\" data-id=\"a0ade86\" data-element_type=\"widget\" data-e-type=\"widget\" data-widget_type=\"image.default\">\n\t\t\t\t<div class=\"elementor-widget-container\">\n\t\t\t\t\t\t\t\t\t\t\t\t\t\t\t\t<a href=\"https:\/\/www.mlekarna-kunin.cz\/sk\/vyrabime\/termix-sk\/\">\n\t\t\t\t\t\t\t<img decoding=\"async\" width=\"549\" height=\"543\" src=\"https:\/\/www.mlekarna-kunin.cz\/wp-content\/uploads\/MENU_termix_cokolada.jpg\" class=\"attachment-full size-full wp-image-10252\" alt=\"\" srcset=\"https:\/\/www.mlekarna-kunin.cz\/wp-content\/uploads\/MENU_termix_cokolada.jpg 549w, https:\/\/www.mlekarna-kunin.cz\/wp-content\/uploads\/MENU_termix_cokolada-300x297.jpg 300w\" sizes=\"(max-width: 549px) 100vw, 549px\" \/>\t\t\t\t\t\t\t\t<\/a>\n\t\t\t\t\t\t\t\t\t\t\t\t\t\t\t<\/div>\n\t\t\t\t<\/div>\n\t\t\t\t<div class=\"elementor-element elementor-element-13d617b elementor-widget elementor-widget-heading\" data-id=\"13d617b\" data-element_type=\"widget\" data-e-type=\"widget\" data-widget_type=\"heading.default\">\n\t\t\t\t<div class=\"elementor-widget-container\">\n\t\t\t\t\t<a href=\"https:\/\/www.mlekarna-kunin.cz\/sk\/vyrabime\/termix-sk\/\"><h3 class=\"elementor-heading-title\">Termix<\/h3><\/a>\t\t\t\t<\/div>\n\t\t\t\t<\/div>\n\t\t\t\t\t<\/div>\n\t\t<\/div>\n\t\t\t\t<div class=\"elementor-column elementor-col-25 elementor-top-column elementor-element elementor-element-0c4654b\" data-id=\"0c4654b\" data-element_type=\"column\" data-e-type=\"column\">\n\t\t\t<div class=\"elementor-widget-wrap elementor-element-populated\">\n\t\t\t\t\t\t<div class=\"elementor-element elementor-element-f18eba1 elementor-widget elementor-widget-image\" data-id=\"f18eba1\" data-element_type=\"widget\" data-e-type=\"widget\" data-widget_type=\"image.default\">\n\t\t\t\t<div class=\"elementor-widget-container\">\n\t\t\t\t\t\t\t\t\t\t\t\t\t\t\t\t<a href=\"https:\/\/www.mlekarna-kunin.cz\/sk\/vyrabime\/mliecne-dezerty\/\">\n\t\t\t\t\t\t\t<img decoding=\"async\" width=\"549\" height=\"543\" src=\"https:\/\/www.mlekarna-kunin.cz\/wp-content\/uploads\/MENU_dezerty_new_1.jpg\" class=\"attachment-full size-full wp-image-10452\" alt=\"\" srcset=\"https:\/\/www.mlekarna-kunin.cz\/wp-content\/uploads\/MENU_dezerty_new_1.jpg 549w, https:\/\/www.mlekarna-kunin.cz\/wp-content\/uploads\/MENU_dezerty_new_1-300x297.jpg 300w\" sizes=\"(max-width: 549px) 100vw, 549px\" \/>\t\t\t\t\t\t\t\t<\/a>\n\t\t\t\t\t\t\t\t\t\t\t\t\t\t\t<\/div>\n\t\t\t\t<\/div>\n\t\t\t\t<div class=\"elementor-element elementor-element-5f3ba74 elementor-widget elementor-widget-heading\" data-id=\"5f3ba74\" data-element_type=\"widget\" data-e-type=\"widget\" data-widget_type=\"heading.default\">\n\t\t\t\t<div class=\"elementor-widget-container\">\n\t\t\t\t\t<a href=\"https:\/\/www.mlekarna-kunin.cz\/sk\/vyrabime\/mliecne-dezerty\/\"><h3 class=\"elementor-heading-title\">Mlie\u010dne dezerty<\/h3><\/a>\t\t\t\t<\/div>\n\t\t\t\t<\/div>\n\t\t\t\t\t<\/div>\n\t\t<\/div>\n\t\t\t\t<div class=\"elementor-column elementor-col-25 elementor-top-column elementor-element elementor-element-9ec7906\" data-id=\"9ec7906\" data-element_type=\"column\" data-e-type=\"column\">\n\t\t\t<div class=\"elementor-widget-wrap elementor-element-populated\">\n\t\t\t\t\t\t<div class=\"elementor-element elementor-element-0921379 elementor-widget elementor-widget-image\" data-id=\"0921379\" data-element_type=\"widget\" data-e-type=\"widget\" data-widget_type=\"image.default\">\n\t\t\t\t<div class=\"elementor-widget-container\">\n\t\t\t\t\t\t\t\t\t\t\t\t\t\t\t\t<a href=\"https:\/\/www.mlekarna-kunin.cz\/sk\/vyrabime\/mliecne-napoje\/\">\n\t\t\t\t\t\t\t<img loading=\"lazy\" decoding=\"async\" width=\"549\" height=\"543\" src=\"https:\/\/www.mlekarna-kunin.cz\/wp-content\/uploads\/MENU_fermentovane_napoje.jpg\" class=\"attachment-full size-full wp-image-8643\" alt=\"\" srcset=\"https:\/\/www.mlekarna-kunin.cz\/wp-content\/uploads\/MENU_fermentovane_napoje.jpg 549w, https:\/\/www.mlekarna-kunin.cz\/wp-content\/uploads\/MENU_fermentovane_napoje-300x297.jpg 300w\" sizes=\"(max-width: 549px) 100vw, 549px\" \/>\t\t\t\t\t\t\t\t<\/a>\n\t\t\t\t\t\t\t\t\t\t\t\t\t\t\t<\/div>\n\t\t\t\t<\/div>\n\t\t\t\t<div class=\"elementor-element elementor-element-ea9e30f elementor-widget elementor-widget-heading\" data-id=\"ea9e30f\" data-element_type=\"widget\" data-e-type=\"widget\" data-widget_type=\"heading.default\">\n\t\t\t\t<div class=\"elementor-widget-container\">\n\t\t\t\t\t<a href=\"https:\/\/www.mlekarna-kunin.cz\/sk\/vyrabime\/mliecne-napoje\/\"><h3 class=\"elementor-heading-title\">Mlie\u010dne n\u00e1poje<\/h3><\/a>\t\t\t\t<\/div>\n\t\t\t\t<\/div>\n\t\t\t\t\t<\/div>\n\t\t<\/div>\n\t\t\t\t\t<\/div>\n\t\t<\/section>\n\t\t<div class=\"elementor-element elementor-element-37ae8c7 e-grid e-con-boxed e-con e-parent\" data-id=\"37ae8c7\" data-element_type=\"container\" data-e-type=\"container\">\n\t\t\t\t\t<div class=\"e-con-inner\">\n\t\t<div class=\"elementor-element elementor-element-9dace2d e-con-full e-flex e-con e-child\" data-id=\"9dace2d\" data-element_type=\"container\" data-e-type=\"container\">\n\t\t\t\t<div class=\"elementor-element elementor-element-0a77bf5 elementor-widget elementor-widget-image\" data-id=\"0a77bf5\" data-element_type=\"widget\" data-e-type=\"widget\" data-widget_type=\"image.default\">\n\t\t\t\t<div class=\"elementor-widget-container\">\n\t\t\t\t\t\t\t\t\t\t\t\t\t\t\t\t<a href=\"https:\/\/www.mlekarna-kunin.cz\/sk\/vyrabime\/jogurty-sk\/\">\n\t\t\t\t\t\t\t<img loading=\"lazy\" decoding=\"async\" width=\"549\" height=\"543\" src=\"https:\/\/www.mlekarna-kunin.cz\/wp-content\/uploads\/MENU_jogurty.jpg\" class=\"attachment-full size-full wp-image-8644\" alt=\"\" srcset=\"https:\/\/www.mlekarna-kunin.cz\/wp-content\/uploads\/MENU_jogurty.jpg 549w, https:\/\/www.mlekarna-kunin.cz\/wp-content\/uploads\/MENU_jogurty-300x297.jpg 300w\" sizes=\"(max-width: 549px) 100vw, 549px\" \/>\t\t\t\t\t\t\t\t<\/a>\n\t\t\t\t\t\t\t\t\t\t\t\t\t\t\t<\/div>\n\t\t\t\t<\/div>\n\t\t\t\t<div class=\"elementor-element elementor-element-9a2851c elementor-widget elementor-widget-heading\" data-id=\"9a2851c\" data-element_type=\"widget\" data-e-type=\"widget\" data-widget_type=\"heading.default\">\n\t\t\t\t<div class=\"elementor-widget-container\">\n\t\t\t\t\t<a href=\"https:\/\/www.mlekarna-kunin.cz\/sk\/vyrabime\/jogurty-sk\/\"><h3 class=\"elementor-heading-title\">Jogurty<\/h3><\/a>\t\t\t\t<\/div>\n\t\t\t\t<\/div>\n\t\t\t\t<\/div>\n\t\t<div class=\"elementor-element elementor-element-a34867b e-con-full e-flex e-con e-child\" data-id=\"a34867b\" data-element_type=\"container\" data-e-type=\"container\">\n\t\t\t\t<div class=\"elementor-element elementor-element-de03807 elementor-widget elementor-widget-image\" data-id=\"de03807\" data-element_type=\"widget\" data-e-type=\"widget\" data-widget_type=\"image.default\">\n\t\t\t\t<div class=\"elementor-widget-container\">\n\t\t\t\t\t\t\t\t\t\t\t\t\t\t\t\t<a href=\"https:\/\/www.mlekarna-kunin.cz\/sk\/vyrabime\/mlieko\/\">\n\t\t\t\t\t\t\t<img loading=\"lazy\" decoding=\"async\" width=\"1824\" height=\"1216\" src=\"https:\/\/www.mlekarna-kunin.cz\/wp-content\/uploads\/2024_10_02_Kunin-050_R3_preview-1.jpg\" class=\"attachment-full size-full wp-image-11012\" alt=\"\" srcset=\"https:\/\/www.mlekarna-kunin.cz\/wp-content\/uploads\/2024_10_02_Kunin-050_R3_preview-1.jpg 1824w, https:\/\/www.mlekarna-kunin.cz\/wp-content\/uploads\/2024_10_02_Kunin-050_R3_preview-1-300x200.jpg 300w, https:\/\/www.mlekarna-kunin.cz\/wp-content\/uploads\/2024_10_02_Kunin-050_R3_preview-1-1024x683.jpg 1024w, https:\/\/www.mlekarna-kunin.cz\/wp-content\/uploads\/2024_10_02_Kunin-050_R3_preview-1-768x512.jpg 768w, https:\/\/www.mlekarna-kunin.cz\/wp-content\/uploads\/2024_10_02_Kunin-050_R3_preview-1-1536x1024.jpg 1536w\" sizes=\"(max-width: 1824px) 100vw, 1824px\" \/>\t\t\t\t\t\t\t\t<\/a>\n\t\t\t\t\t\t\t\t\t\t\t\t\t\t\t<\/div>\n\t\t\t\t<\/div>\n\t\t\t\t<div class=\"elementor-element elementor-element-c7c4659 elementor-widget elementor-widget-heading\" data-id=\"c7c4659\" data-element_type=\"widget\" data-e-type=\"widget\" data-widget_type=\"heading.default\">\n\t\t\t\t<div class=\"elementor-widget-container\">\n\t\t\t\t\t<a href=\"https:\/\/www.mlekarna-kunin.cz\/sk\/vyrabime\/mlieko\/\"><h3 class=\"elementor-heading-title\">Mlieko<\/h3><\/a>\t\t\t\t<\/div>\n\t\t\t\t<\/div>\n\t\t\t\t<\/div>\n\t\t<div class=\"elementor-element elementor-element-db0585e e-con-full e-flex e-con e-child\" data-id=\"db0585e\" data-element_type=\"container\" data-e-type=\"container\">\n\t\t\t\t<div class=\"elementor-element elementor-element-566860c elementor-widget elementor-widget-image\" data-id=\"566860c\" data-element_type=\"widget\" data-e-type=\"widget\" data-widget_type=\"image.default\">\n\t\t\t\t<div class=\"elementor-widget-container\">\n\t\t\t\t\t\t\t\t\t\t\t\t\t\t\t\t<a href=\"https:\/\/www.mlekarna-kunin.cz\/sk\/bezlaktozove-mlieko\/\">\n\t\t\t\t\t\t\t<img loading=\"lazy\" decoding=\"async\" width=\"549\" height=\"543\" src=\"https:\/\/www.mlekarna-kunin.cz\/wp-content\/uploads\/MENU_mleko-bez_laktozy.jpg\" class=\"attachment-full size-full wp-image-8646\" alt=\"\" srcset=\"https:\/\/www.mlekarna-kunin.cz\/wp-content\/uploads\/MENU_mleko-bez_laktozy.jpg 549w, https:\/\/www.mlekarna-kunin.cz\/wp-content\/uploads\/MENU_mleko-bez_laktozy-300x297.jpg 300w\" sizes=\"(max-width: 549px) 100vw, 549px\" \/>\t\t\t\t\t\t\t\t<\/a>\n\t\t\t\t\t\t\t\t\t\t\t\t\t\t\t<\/div>\n\t\t\t\t<\/div>\n\t\t\t\t<div class=\"elementor-element elementor-element-f5d1a8d elementor-widget elementor-widget-heading\" data-id=\"f5d1a8d\" data-element_type=\"widget\" data-e-type=\"widget\" data-widget_type=\"heading.default\">\n\t\t\t\t<div class=\"elementor-widget-container\">\n\t\t\t\t\t<a href=\"https:\/\/www.mlekarna-kunin.cz\/sk\/bezlaktozove-mlieko\/\"><h3 class=\"elementor-heading-title\">\u013dahk\u00e9 r\u00e1no<\/h3><\/a>\t\t\t\t<\/div>\n\t\t\t\t<\/div>\n\t\t\t\t<\/div>\n\t\t\t\t\t<\/div>\n\t\t\t\t<\/div>\n\t\t\t\t<\/div>\n\t\t","protected":false},"excerpt":{"rendered":"<p>Smotany Termix Mlie\u010dne dezerty Mlie\u010dne n\u00e1poje Jogurty Mlieko \u013dahk\u00e9 r\u00e1no<\/p>\n","protected":false},"author":1,"featured_media":0,"parent":0,"menu_order":0,"comment_status":"closed","ping_status":"closed","template":"elementor_header_footer","meta":{"inline_featured_image":false,"footnotes":""},"typ-vyrobku":[],"class_list":["post-9712","page","type-page","status-publish","hentry"],"_links":{"self":[{"href":"https:\/\/www.mlekarna-kunin.cz\/sk\/wp-json\/wp\/v2\/pages\/9712","targetHints":{"allow":["GET"]}}],"collection":[{"href":"https:\/\/www.mlekarna-kunin.cz\/sk\/wp-json\/wp\/v2\/pages"}],"about":[{"href":"https:\/\/www.mlekarna-kunin.cz\/sk\/wp-json\/wp\/v2\/types\/page"}],"author":[{"embeddable":true,"href":"https:\/\/www.mlekarna-kunin.cz\/sk\/wp-json\/wp\/v2\/users\/1"}],"replies":[{"embeddable":true,"href":"https:\/\/www.mlekarna-kunin.cz\/sk\/wp-json\/wp\/v2\/comments?post=9712"}],"version-history":[{"count":25,"href":"https:\/\/www.mlekarna-kunin.cz\/sk\/wp-json\/wp\/v2\/pages\/9712\/revisions"}],"predecessor-version":[{"id":11027,"href":"https:\/\/www.mlekarna-kunin.cz\/sk\/wp-json\/wp\/v2\/pages\/9712\/revisions\/11027"}],"wp:attachment":[{"href":"https:\/\/www.mlekarna-kunin.cz\/sk\/wp-json\/wp\/v2\/media?parent=9712"}],"wp:term":[{"taxonomy":"typ-vyrobku","embeddable":true,"href":"https:\/\/www.mlekarna-kunin.cz\/sk\/wp-json\/wp\/v2\/typ-vyrobku?post=9712"}],"curies":[{"name":"wp","href":"https:\/\/api.w.org\/{rel}","templated":true}]}}